{"id":239,"date":"2025-09-29T19:43:22","date_gmt":"2025-09-29T19:43:22","guid":{"rendered":"https:\/\/holz-und-fenstertechnik-robert-schulze.de\/?page_id=239"},"modified":"2025-10-03T14:13:08","modified_gmt":"2025-10-03T14:13:08","slug":"vermietung","status":"publish","type":"page","link":"https:\/\/holz-und-fenstertechnik-robert-schulze.de\/?page_id=239","title":{"rendered":"Vermietung, Fu\u00dfbodenarbeiten"},"content":{"rendered":"\n<p>Da ich mein Gewerbe als Nebent\u00e4tigkeit ausf\u00fchre und ich nicht m\u00f6chte das meine Maschinen sich bei mir in Lage langweilen habe ich mich dazu entschieden f\u00fcr Leute die genauso bock haben wie ich mit Holz zu arbeiten eine Chance zu geben dies zu tun.<\/p>\n\n\n\n<p>Grunds\u00e4tzlich kann man immer sagen das, dass Abschleifen von Holzfu\u00dfb\u00f6den nicht mal eben erlernt ist, es ben\u00f6tigt schon etwas \u00dcbung allerdings mit der passenden Einf\u00fchrung sollte das kein Problem sein eine gewisse, zufriedenstellende Qualit\u00e4t zu erreichen.<\/p>\n\n\n\n<p>Nun folgen die Maschinen die ich aktuell herausgeben w\u00fcrde gegen eine gewisse Geb\u00fchr. Die Einweisung f\u00fcr die Maschinen bekommt ihr von mir direkt bei Lieferung oder Abholung. Gerne komme ich sonst aber auch gegen Aufpreis noch bei euch vorbei Zuhause, bring alles mit und Berate euch gerne noch zu eurem Vorhaben und pr\u00e4sentiere alles dann auch in Action.<\/p>\n\n\n\n<p><\/p>\n\n\n\n<figure class=\"wp-block-gallery has-nested-images columns-default is-cropped wp-block-gallery-1 is-layout-flex wp-block-gallery-is-layout-flex\">\n<figure class=\"wp-block-image size-large\"><img loading=\"lazy\" decoding=\"async\" width=\"768\" height=\"1024\" data-id=\"225\" src=\"https:\/\/holz-und-fenstertechnik-robert-schulze.de\/wp-content\/uploads\/2025\/06\/IMG_8853-768x1024.jpeg\" alt=\"\" class=\"wp-image-225\" srcset=\"https:\/\/holz-und-fenstertechnik-robert-schulze.de\/wp-content\/uploads\/2025\/06\/IMG_8853-768x1024.jpeg 768w, https:\/\/holz-und-fenstertechnik-robert-schulze.de\/wp-content\/uploads\/2025\/06\/IMG_8853-225x300.jpeg 225w, https:\/\/holz-und-fenstertechnik-robert-schulze.de\/wp-content\/uploads\/2025\/06\/IMG_8853-1152x1536.jpeg 1152w, https:\/\/holz-und-fenstertechnik-robert-schulze.de\/wp-content\/uploads\/2025\/06\/IMG_8853-1536x2048.jpeg 1536w, https:\/\/holz-und-fenstertechnik-robert-schulze.de\/wp-content\/uploads\/2025\/06\/IMG_8853-scaled.jpeg 1920w\" sizes=\"auto, (max-width: 767px) 89vw, (max-width: 1000px) 54vw, (max-width: 1071px) 543px, 580px\" \/><\/figure>\n\n\n\n<figure class=\"wp-block-image size-large\"><img loading=\"lazy\" decoding=\"async\" width=\"768\" height=\"1024\" data-id=\"226\" src=\"https:\/\/holz-und-fenstertechnik-robert-schulze.de\/wp-content\/uploads\/2025\/06\/IMG_8854-768x1024.jpeg\" alt=\"Bandschleifmaschine BONA \u00d6REBRO UNIVERSAL-1-PHASIG\" class=\"wp-image-226\" srcset=\"https:\/\/holz-und-fenstertechnik-robert-schulze.de\/wp-content\/uploads\/2025\/06\/IMG_8854-768x1024.jpeg 768w, https:\/\/holz-und-fenstertechnik-robert-schulze.de\/wp-content\/uploads\/2025\/06\/IMG_8854-225x300.jpeg 225w, https:\/\/holz-und-fenstertechnik-robert-schulze.de\/wp-content\/uploads\/2025\/06\/IMG_8854-1152x1536.jpeg 1152w, https:\/\/holz-und-fenstertechnik-robert-schulze.de\/wp-content\/uploads\/2025\/06\/IMG_8854-1536x2048.jpeg 1536w, https:\/\/holz-und-fenstertechnik-robert-schulze.de\/wp-content\/uploads\/2025\/06\/IMG_8854-scaled.jpeg 1920w\" sizes=\"auto, (max-width: 767px) 89vw, (max-width: 1000px) 54vw, (max-width: 1071px) 543px, 580px\" \/><figcaption class=\"wp-element-caption\"><br><\/figcaption><\/figure>\n<\/figure>\n\n\n\n<p>Bandschleifmaschine BONA (\u00d6rebro Universal-1-phasig) <\/p>\n\n\n\n<p>Einsatz:<\/p>\n\n\n\n<p>Die Walzenschleifmaschine mit ihrem robusten und schweren Maschinenk\u00f6rper ist vorallem f\u00fcr die &#8220;groben&#8221; Arbeiten zust\u00e4ndig<\/p>\n\n\n\n<ul class=\"wp-block-list\">\n<li>Grobe abschleifen &amp; egalisieren von Fu\u00dfb\u00f6den aller Art<\/li>\n\n\n\n<li>Feinschliff allerdings nur in einer L\u00e4ngsrichtung<\/li>\n<\/ul>\n\n\n\n<p>Erster Tag 65\u20ac inkl. MwSt. jeder weitere Tag 50\u20ac<\/p>\n\n\n\n<p>Lieferung innerhalb 30 Kilometer gegen Aufpreis m\u00f6glich<\/p>\n\n\n\n<p><\/p>\n\n\n\n<figure class=\"wp-block-gallery has-nested-images columns-default is-cropped wp-block-gallery-2 is-layout-flex wp-block-gallery-is-layout-flex\">\n<figure class=\"wp-block-image size-large\"><img loading=\"lazy\" decoding=\"async\" width=\"768\" height=\"1024\" data-id=\"223\" src=\"https:\/\/holz-und-fenstertechnik-robert-schulze.de\/wp-content\/uploads\/2025\/06\/IMG_8851-768x1024.jpeg\" alt=\"Hallo\" class=\"wp-image-223\" srcset=\"https:\/\/holz-und-fenstertechnik-robert-schulze.de\/wp-content\/uploads\/2025\/06\/IMG_8851-768x1024.jpeg 768w, https:\/\/holz-und-fenstertechnik-robert-schulze.de\/wp-content\/uploads\/2025\/06\/IMG_8851-225x300.jpeg 225w, https:\/\/holz-und-fenstertechnik-robert-schulze.de\/wp-content\/uploads\/2025\/06\/IMG_8851-1152x1536.jpeg 1152w, https:\/\/holz-und-fenstertechnik-robert-schulze.de\/wp-content\/uploads\/2025\/06\/IMG_8851-1536x2048.jpeg 1536w, https:\/\/holz-und-fenstertechnik-robert-schulze.de\/wp-content\/uploads\/2025\/06\/IMG_8851-scaled.jpeg 1920w\" sizes=\"auto, (max-width: 767px) 89vw, (max-width: 1000px) 54vw, (max-width: 1071px) 543px, 580px\" \/><\/figure>\n\n\n\n<figure class=\"wp-block-image size-large\"><img loading=\"lazy\" decoding=\"async\" width=\"768\" height=\"1024\" data-id=\"224\" src=\"https:\/\/holz-und-fenstertechnik-robert-schulze.de\/wp-content\/uploads\/2025\/06\/IMG_8852-768x1024.jpeg\" alt=\"\" class=\"wp-image-224\" srcset=\"https:\/\/holz-und-fenstertechnik-robert-schulze.de\/wp-content\/uploads\/2025\/06\/IMG_8852-768x1024.jpeg 768w, https:\/\/holz-und-fenstertechnik-robert-schulze.de\/wp-content\/uploads\/2025\/06\/IMG_8852-225x300.jpeg 225w, https:\/\/holz-und-fenstertechnik-robert-schulze.de\/wp-content\/uploads\/2025\/06\/IMG_8852-1152x1536.jpeg 1152w, https:\/\/holz-und-fenstertechnik-robert-schulze.de\/wp-content\/uploads\/2025\/06\/IMG_8852-1536x2048.jpeg 1536w, https:\/\/holz-und-fenstertechnik-robert-schulze.de\/wp-content\/uploads\/2025\/06\/IMG_8852-scaled.jpeg 1920w\" sizes=\"auto, (max-width: 767px) 89vw, (max-width: 1000px) 54vw, (max-width: 1071px) 543px, 580px\" \/><\/figure>\n<\/figure>\n\n\n\n<p>BONA FlexiSand 1.5<\/p>\n\n\n\n<p>Einsatz:<\/p>\n\n\n\n<p>Die Mehrscheibenmaschine ist ein kraftvoller und guter Partner wenn es um Mosaikparkett, Fertigparkett oder andere feine Nutzschichten geht.<\/p>\n\n\n\n<ul class=\"wp-block-list\">\n<li>Mosaikparkett, Fischgretparkett oder auch nur f\u00fcr den Feinschliff auf Dielen wenn die Walze vorgearbeitet hat<\/li>\n\n\n\n<li>Vorteil ist hier der sehr gute Schleifpapierverbrauch im Gegensatz zur Walze und ein gleichm\u00e4\u00dfiges Schleifbild ohne viel Nacharbeitung<\/li>\n<\/ul>\n\n\n\n<p>Erster Tag 90\u20ac inkl. MwSt. jeder weitere Tag 70\u20ac<\/p>\n\n\n\n<p>Lieferung innerhalb 30 Kilometer gegen Aufpreis M\u00f6glich<\/p>\n\n\n\n<p><\/p>\n\n\n\n<figure class=\"wp-block-gallery has-nested-images columns-default is-cropped wp-block-gallery-3 is-layout-flex wp-block-gallery-is-layout-flex\">\n<figure class=\"wp-block-image size-large\"><img loading=\"lazy\" decoding=\"async\" width=\"768\" height=\"1024\" data-id=\"227\" src=\"https:\/\/holz-und-fenstertechnik-robert-schulze.de\/wp-content\/uploads\/2025\/06\/IMG_8855-768x1024.jpeg\" alt=\"\" class=\"wp-image-227\" srcset=\"https:\/\/holz-und-fenstertechnik-robert-schulze.de\/wp-content\/uploads\/2025\/06\/IMG_8855-768x1024.jpeg 768w, https:\/\/holz-und-fenstertechnik-robert-schulze.de\/wp-content\/uploads\/2025\/06\/IMG_8855-225x300.jpeg 225w, https:\/\/holz-und-fenstertechnik-robert-schulze.de\/wp-content\/uploads\/2025\/06\/IMG_8855-1152x1536.jpeg 1152w, https:\/\/holz-und-fenstertechnik-robert-schulze.de\/wp-content\/uploads\/2025\/06\/IMG_8855-1536x2048.jpeg 1536w, https:\/\/holz-und-fenstertechnik-robert-schulze.de\/wp-content\/uploads\/2025\/06\/IMG_8855-scaled.jpeg 1920w\" sizes=\"auto, (max-width: 767px) 89vw, (max-width: 1000px) 54vw, (max-width: 1071px) 543px, 580px\" \/><\/figure>\n\n\n\n<figure class=\"wp-block-image size-large\"><img loading=\"lazy\" decoding=\"async\" width=\"1024\" height=\"768\" data-id=\"228\" src=\"https:\/\/holz-und-fenstertechnik-robert-schulze.de\/wp-content\/uploads\/2025\/06\/IMG_8856-1024x768.jpeg\" alt=\"\" class=\"wp-image-228\" srcset=\"https:\/\/holz-und-fenstertechnik-robert-schulze.de\/wp-content\/uploads\/2025\/06\/IMG_8856-1024x768.jpeg 1024w, https:\/\/holz-und-fenstertechnik-robert-schulze.de\/wp-content\/uploads\/2025\/06\/IMG_8856-300x225.jpeg 300w, https:\/\/holz-und-fenstertechnik-robert-schulze.de\/wp-content\/uploads\/2025\/06\/IMG_8856-768x576.jpeg 768w, https:\/\/holz-und-fenstertechnik-robert-schulze.de\/wp-content\/uploads\/2025\/06\/IMG_8856-1536x1152.jpeg 1536w, https:\/\/holz-und-fenstertechnik-robert-schulze.de\/wp-content\/uploads\/2025\/06\/IMG_8856-2048x1536.jpeg 2048w\" sizes=\"auto, (max-width: 767px) 89vw, (max-width: 1000px) 54vw, (max-width: 1071px) 543px, 580px\" \/><\/figure>\n<\/figure>\n\n\n\n<p>L\u00e4gler Randschleifer mit diversen Aufs\u00e4tzen<\/p>\n\n\n\n<p>Einsatz:<\/p>\n\n\n\n<p>Diese Maschine wird im Randbereich eingesetzt wo die gro\u00dfen Maschinen nicht hin kommen &#8211; allerdings vorallem uners\u00e4tzlich sobald man nur mit der Walze arbeitet, die FlexiSand kann ich mit bis zu 2 cm fahren.<\/p>\n\n\n\n<ul class=\"wp-block-list\">\n<li>Ausleger ist f\u00fcr die Stellen zb unter der Heizung<\/li>\n\n\n\n<li>die LED Lampe erkennt Schleifriefen sehr schnell die man mit dem blo\u00dfen Auge und schlechtem Lichteinfall garnicht direkt sieht<\/li>\n<\/ul>\n\n\n\n<p>Erster Tag 30\u20ac inkl. MwSt. jeder weitere Tag 25\u20ac<\/p>\n\n\n\n<p>Lieferung innerhalb 30 Kilometer gegen Aufpreis M\u00f6glich<\/p>\n\n\n\n<p><\/p>\n\n\n\n<p><\/p>\n\n\n\n<figure class=\"wp-block-gallery has-nested-images columns-default is-cropped wp-block-gallery-4 is-layout-flex wp-block-gallery-is-layout-flex\">\n<figure class=\"wp-block-image size-large\"><img loading=\"lazy\" decoding=\"async\" width=\"774\" height=\"1024\" data-id=\"229\" src=\"https:\/\/holz-und-fenstertechnik-robert-schulze.de\/wp-content\/uploads\/2025\/06\/IMG_8984-774x1024.jpg\" alt=\"\" class=\"wp-image-229\" srcset=\"https:\/\/holz-und-fenstertechnik-robert-schulze.de\/wp-content\/uploads\/2025\/06\/IMG_8984-774x1024.jpg 774w, https:\/\/holz-und-fenstertechnik-robert-schulze.de\/wp-content\/uploads\/2025\/06\/IMG_8984-227x300.jpg 227w, https:\/\/holz-und-fenstertechnik-robert-schulze.de\/wp-content\/uploads\/2025\/06\/IMG_8984-768x1016.jpg 768w, https:\/\/holz-und-fenstertechnik-robert-schulze.de\/wp-content\/uploads\/2025\/06\/IMG_8984-1162x1536.jpg 1162w, https:\/\/holz-und-fenstertechnik-robert-schulze.de\/wp-content\/uploads\/2025\/06\/IMG_8984.jpg 1179w\" sizes=\"auto, (max-width: 767px) 89vw, (max-width: 1000px) 54vw, (max-width: 1071px) 543px, 580px\" \/><\/figure>\n<\/figure>\n\n\n\n<p>WOLFF Duro-Stripper<\/p>\n\n\n\n<p>Einsatz<\/p>\n\n\n\n<p>Der Teppichstripper wird zum entfernen von Bodenbel\u00e4gen genutzt dazu geh\u00f6ren zb:<\/p>\n\n\n\n<ul class=\"wp-block-list\">\n<li>Textile Bel\u00e4ge wie geklebte Teppiche<\/li>\n\n\n\n<li>PVC- &amp; Vinyl-Bel\u00e4ge<\/li>\n\n\n\n<li>Linolium<\/li>\n\n\n\n<li>Kautschuk- &amp; Gummibel\u00e4ge<\/li>\n<\/ul>\n\n\n\n<p>Erster Tag 40\u20ac inkl. MwSt. jeder weitere Tag 30\u20ac<\/p>\n\n\n\n<p>Lieferung innerhalb 30 Kilometer gegen Aufpreis M\u00f6glich<\/p>\n\n\n\n<figure class=\"wp-block-gallery has-nested-images columns-default is-cropped wp-block-gallery-5 is-layout-flex wp-block-gallery-is-layout-flex\"><\/figure>\n","protected":false},"excerpt":{"rendered":"<p>Da ich mein Gewerbe als Nebent\u00e4tigkeit ausf\u00fchre und ich nicht m\u00f6chte das meine Maschinen sich bei mir in Lage langweilen habe ich mich dazu entschieden f\u00fcr Leute die genauso bock haben wie ich mit Holz zu arbeiten eine Chance zu geben dies zu tun. Grunds\u00e4tzlich kann man immer sagen das, dass Abschleifen von Holzfu\u00dfb\u00f6den nicht &hellip; <\/p>\n<p class=\"link-more\"><a href=\"https:\/\/holz-und-fenstertechnik-robert-schulze.de\/?page_id=239\" class=\"more-link\">Continue reading<span class=\"screen-reader-text\"> &#8220;Vermietung, Fu\u00dfbodenarbeiten&#8221;<\/span><\/a><\/p>\n","protected":false},"author":1,"featured_media":0,"parent":0,"menu_order":0,"comment_status":"closed","ping_status":"closed","template":"","meta":{"footnotes":""},"class_list":["post-239","page","type-page","status-publish","hentry"],"_links":{"self":[{"href":"https:\/\/holz-und-fenstertechnik-robert-schulze.de\/index.php?rest_route=\/wp\/v2\/pages\/239","targetHints":{"allow":["GET"]}}],"collection":[{"href":"https:\/\/holz-und-fenstertechnik-robert-schulze.de\/index.php?rest_route=\/wp\/v2\/pages"}],"about":[{"href":"https:\/\/holz-und-fenstertechnik-robert-schulze.de\/index.php?rest_route=\/wp\/v2\/types\/page"}],"author":[{"embeddable":true,"href":"https:\/\/holz-und-fenstertechnik-robert-schulze.de\/index.php?rest_route=\/wp\/v2\/users\/1"}],"replies":[{"embeddable":true,"href":"https:\/\/holz-und-fenstertechnik-robert-schulze.de\/index.php?rest_route=%2Fwp%2Fv2%2Fcomments&post=239"}],"version-history":[{"count":9,"href":"https:\/\/holz-und-fenstertechnik-robert-schulze.de\/index.php?rest_route=\/wp\/v2\/pages\/239\/revisions"}],"predecessor-version":[{"id":252,"href":"https:\/\/holz-und-fenstertechnik-robert-schulze.de\/index.php?rest_route=\/wp\/v2\/pages\/239\/revisions\/252"}],"wp:attachment":[{"href":"https:\/\/holz-und-fenstertechnik-robert-schulze.de\/index.php?rest_route=%2Fwp%2Fv2%2Fmedia&parent=239"}],"curies":[{"name":"wp","href":"https:\/\/api.w.org\/{rel}","templated":true}]}}